{"id":9513,"date":"2024-10-12T17:38:07","date_gmt":"2024-10-12T15:38:07","guid":{"rendered":"https:\/\/inrel.pl\/kontakt\/"},"modified":"2026-03-03T11:36:52","modified_gmt":"2026-03-03T10:36:52","slug":"contact","status":"publish","type":"page","link":"https:\/\/inrel.pl\/en\/contact\/","title":{"rendered":"Contact"},"content":{"rendered":"\n<div class=\"wp-block-group container mb-sm mt-0 mb-mobile-0\"><div class=\"wp-block-group__inner-container is-layout-constrained wp-block-group-is-layout-constrained\">\n<h2 class=\"wp-block-heading has-text-align-center h2\">Relocation services for companies &#8211; that&#8217;s what we know<\/h2>\n<\/div><\/div>\n\n\n\n<div class=\"wp-block-group container mt-mobile-0\"><div class=\"wp-block-group__inner-container is-layout-constrained wp-block-group-is-layout-constrained\">\n<div class=\"wp-block-columns mb-0 is-layout-flex wp-container-core-columns-is-layout-9d6595d7 wp-block-columns-is-layout-flex\">\n<div class=\"wp-block-column is-vertically-aligned-top contact-block mb-0 order-mobile-1 is-layout-flow wp-block-column-is-layout-flow\">\n<p class=\"fs-20 fw-700 ml-0\">INREL Engineering Services<\/p>\n\n\n\n<p class=\" ml-0\">Sp. z o.o. Limited Partnership<\/p>\n\n\n\n<div style=\"height:20px\" aria-hidden=\"true\" class=\"wp-block-spacer\"><\/div>\n\n\n\n<div class=\"wp-block-group address-icon\"><div class=\"wp-block-group__inner-container is-layout-constrained wp-block-group-is-layout-constrained\">\n<figure class=\"wp-block-image size-large\"><img loading=\"lazy\" decoding=\"async\" width=\"512\" height=\"512\" src=\"https:\/\/medifaktor.pl\/wp-content\/uploads\/2026\/01\/location.svg\" alt=\"Location\" class=\"wp-image-8754\"\/><\/figure>\n\n\n\n<p class=\" ml-0\">\u0141om\u017cy\u0144ska 13\/15<br>93-176 \u0141\u00f3d\u017a<\/p>\n<\/div><\/div>\n\n\n\n<div style=\"height:20px\" aria-hidden=\"true\" class=\"wp-block-spacer\"><\/div>\n\n\n\n<div class=\"wp-block-group address-icon\"><div class=\"wp-block-group__inner-container is-layout-constrained wp-block-group-is-layout-constrained\">\n<figure class=\"wp-block-image size-large\"><img loading=\"lazy\" decoding=\"async\" width=\"512\" height=\"512\" src=\"https:\/\/medifaktor.pl\/wp-content\/uploads\/2026\/01\/phone.svg\" alt=\"Phone\" class=\"wp-image-8752\"\/><\/figure>\n\n\n\n<div class=\"wp-block-group is-vertical is-layout-flex wp-container-core-group-is-layout-8cf370e7 wp-block-group-is-layout-flex\">\n<p class=\"has-text-align-left hover-blue\"><a href=\"tel:+48728349954\">+48 728 349 954<\/a><\/p>\n\n\n\n<p class=\"has-text-align-left hover-blue\"><a href=\"tel:+48728349955\">+48 728 349 955<\/a><\/p>\n<\/div>\n<\/div><\/div>\n\n\n\n<div style=\"height:20px\" aria-hidden=\"true\" class=\"wp-block-spacer\"><\/div>\n\n\n\n<div class=\"wp-block-group address-icon\"><div class=\"wp-block-group__inner-container is-layout-constrained wp-block-group-is-layout-constrained\">\n<figure class=\"wp-block-image size-large\"><img loading=\"lazy\" decoding=\"async\" width=\"512\" height=\"512\" src=\"https:\/\/medifaktor.pl\/wp-content\/uploads\/2026\/01\/email.svg\" alt=\"Email\" class=\"wp-image-8753\"\/><\/figure>\n\n\n\n<div class=\"wp-block-group is-vertical is-layout-flex wp-container-core-group-is-layout-8cf370e7 wp-block-group-is-layout-flex\">\n<p class=\"hover-blue\"><a href=\"mailto:biuro@inrel.pl\" type=\"mailto\" id=\"mailto:biuro@inrel.pl\" rel=\"nofollow\">biuro@inrel.pl<\/a><\/p>\n\n\n\n<p class=\"hover-blue\"><a href=\"mailto:office@inrel.pl\" type=\"mailto\" id=\"mailto:biuro@inrel.pl\" rel=\"nofollow\">office@inrel.pl<\/a><\/p>\n<\/div>\n<\/div><\/div>\n\n\n\n<div style=\"height:20px\" aria-hidden=\"true\" class=\"wp-block-spacer\"><\/div>\n\n\n\n<div class=\"wp-block-group\"><div class=\"wp-block-group__inner-container is-layout-constrained wp-block-group-is-layout-constrained\">\n<p class=\"mb-0\"><strong>Opening Hours<\/strong><\/p>\n\n\n\n<p>Mon-Fri 8:00 AM &#8211; 5:00 PM<\/p>\n<\/div><\/div>\n\n\n\n<div style=\"height:20px\" aria-hidden=\"true\" class=\"wp-block-spacer\"><\/div>\n\n\n\n<div class=\"wp-block-group\"><div class=\"wp-block-group__inner-container is-layout-constrained wp-block-group-is-layout-constrained\">\n<p>NIP: 7282805591<\/p>\n\n\n\n<p>REGON: 363459042<\/p>\n<\/div><\/div>\n<\/div>\n\n\n\n<div class=\"wp-block-column is-vertically-aligned-top mb-0 order-mobile-2 is-layout-flow wp-block-column-is-layout-flow\"><a class=\"anchor\" name=\"contact\"><\/a>\n<div id=\"contact_form-block_698436106b2592210e1196a056ee19f9\" class=\"container-fluid\">\n\t<div class=\"contact_form container\">\n\n\t\t\t\t\t\t\t\n\t\t\t\t<div class=\"row contact_form--container\">\n\t\t\t\t\t<div class=\"col-12 contact_form--form bg_color6\">\n\t\t\t\t\t\t<div class=\"row\">\n\t\t\t\t\t\t\t\t\t\t\t\t\t\t\t<div class=\"col-lg-12\">\n\t\t\t\t\t\t\t\t\t<div class=\"col-lg-12 contact_form--form_header\">\n\t\t\t\t\t\t\t\t\t\tCertified professionals, specialized equipment, free quotes\t\t\t\t\t\t\t\t\t<\/div>\n\t\t\t\t\t\t\t\t<\/div>\n\t\t\t\t\t\t\t\t\t\t\t\t\t\t\t\t\t\t\t\t\t\t<div class=\"col-lg-12\">\n\t\t\t\t\t\t\t\t\t<div class=\"col-lg-12 contact_form--form_subheader\">\n\t\t\t\t\t\t\t\t\t\tHave any questions? We&#039;re here to help! We&#039;ll respond within 24 hours!\t\t\t\t\t\t\t\t\t<\/div>\n\t\t\t\t\t\t\t\t<\/div>\n\t\t\t\t\t\t\t\t\t\t\t\t\t\t\t\t\t\t\t\t\t\t<div class=\"col-lg-12\">\n\t\t\t\t\t\t\t\t\t<div class=\"col-lg-12 \">\n\t\t\t\t\t\t\t\t\t\n<div class=\"wpcf7 no-js\" id=\"wpcf7-f9414-o1\" lang=\"en-US\" dir=\"ltr\" data-wpcf7-id=\"9414\">\n<div class=\"screen-reader-response\"><p role=\"status\" aria-live=\"polite\" aria-atomic=\"true\"><\/p> <ul><\/ul><\/div>\n<form action=\"\/en\/wp-json\/wp\/v2\/pages\/9513#wpcf7-f9414-o1\" method=\"post\" class=\"wpcf7-form init\" aria-label=\"Contact form\" novalidate=\"novalidate\" data-status=\"init\">\n<fieldset class=\"hidden-fields-container\"><input type=\"hidden\" name=\"_wpcf7\" value=\"9414\" \/><input type=\"hidden\" name=\"_wpcf7_version\" value=\"6.1.5\" \/><input type=\"hidden\" name=\"_wpcf7_locale\" value=\"en_US\" \/><input type=\"hidden\" name=\"_wpcf7_unit_tag\" value=\"wpcf7-f9414-o1\" \/><input type=\"hidden\" name=\"_wpcf7_container_post\" value=\"0\" \/><input type=\"hidden\" name=\"_wpcf7_posted_data_hash\" value=\"\" \/>\n<\/fieldset>\n<label for=\"your-name\">Imi\u0119 i nazwisko*<\/label>\n<span class=\"wpcf7-form-control-wrap\" data-name=\"your-name\"><input size=\"40\" maxlength=\"400\" class=\"wpcf7-form-control wpcf7-text wpcf7-validates-as-required\" aria-required=\"true\" aria-invalid=\"false\" placeholder=\"Jan Kowalski\" value=\"\" type=\"text\" name=\"your-name\" \/><\/span>\n\n<div class=\"row\">\n<div class=\"col-lg-6\">\n<label for=\"your-email\">Email*<\/label>\n<span class=\"wpcf7-form-control-wrap\" data-name=\"your-email\"><input size=\"40\" maxlength=\"400\" class=\"wpcf7-form-control wpcf7-email wpcf7-validates-as-required wpcf7-text wpcf7-validates-as-email\" aria-required=\"true\" aria-invalid=\"false\" placeholder=\"jankowalski@example.com\" value=\"\" type=\"email\" name=\"your-email\" \/><\/span>\n<\/div>\n<div class=\"col-lg-6\">\n<label for=\"your-phone \">Numer telefonu (opcjonalnie)<\/label>\n<span class=\"wpcf7-form-control-wrap\" data-name=\"your-phone\"><input size=\"40\" maxlength=\"400\" class=\"wpcf7-form-control wpcf7-text\" aria-invalid=\"false\" placeholder=\"987 654 321\" value=\"\" type=\"text\" name=\"your-phone\" \/><\/span>\n<\/div>\n<\/div>\n\n<label for=\"your-message \">Wiadomo\u015b\u0107*<\/label>\n<span class=\"wpcf7-form-control-wrap\" data-name=\"your-message\"><textarea cols=\"40\" rows=\"5\" maxlength=\"2000\" class=\"wpcf7-form-control wpcf7-textarea wpcf7-validates-as-required\" aria-required=\"true\" aria-invalid=\"false\" placeholder=\"Napisz, czego potrzebujesz, a my znajdziemy dla Ciebie korzystne rozwi\u0105zanie\" name=\"your-message\"><\/textarea><\/span>\n\n<span class=\"wpcf7-form-control-wrap\" data-name=\"your-acceptance\"><span class=\"wpcf7-form-control wpcf7-acceptance\"><span class=\"wpcf7-list-item\"><label><input type=\"checkbox\" name=\"your-acceptance\" value=\"1\" aria-invalid=\"false\" \/><span class=\"wpcf7-list-item-label\">Wyra\u017cam zgod\u0119 na przetwarzanie moich danych osobowych zgodnie z RODO w celu odpowiedzi na wiadomo\u015b\u0107*. Podanie danych osobowych jest dobrowolne, ale konieczne do prowadzenia korespondencji. Administratorem danych osobowych jest firma INREL Sp. z o.o. Sp. komandytowa. Wi\u0119cej znajdziesz w naszej <a target=\"_blank\" title=\"Polityka prywatno\u015bci\" href=\"https:\/\/inrel.pl\/polityka-prywatnosci\/\">Polityce Prywatno\u015bci<\/a>*.<\/span><\/label><\/span><\/span><\/span>\n\n<p class=\"text-small\">* &#8211; pole wymagane<\/p>\n\n<input class=\"wpcf7-form-control wpcf7-submit has-spinner\" type=\"submit\" value=\"Wy\u015blij\" \/>\n\n<div class=\"wpcf7-response-output\" aria-hidden=\"true\"><\/div>\n\n<div class=\"wpcf7-turnstile cf-turnstile\" data-sitekey=\"0x4AAAAAAAjAy8GYmv4Pm9O9\" data-response-field-name=\"_wpcf7_turnstile_response\"><\/div>\n<\/form>\n<\/div>\n\t\t\t\t\t\t\t\t\t<\/div>\n\t\t\t\t\t\t\t\t<\/div>\n\t\t\t\t\t\t\t\t\t\t\t\t\t<\/div>\n\t\t\t\t\t<\/div>\n\t\t\t\t<\/div>\n\t\t\t\t\n\t\t<style type=\"text\/css\">\n\n\t\t\t#contact_form-block_698436106b2592210e1196a056ee19f9 {\n\t\t\t\tpadding: 0;\n\t\t\t}\n\n\t\t\t\n\t\t\t\t#contact_form-block_698436106b2592210e1196a056ee19f9 .contact_form--form {\n\t\t\t\t\tpadding: 30px;\n\t\t\t\t\tbox-shadow: var(--box-shadow);\n\t\t\t\t\tborder-radius: 20px;\n\t\t\t\t}\n\n\t\t\t\t#contact_form-block_698436106b2592210e1196a056ee19f9 .contact_form--form.no-box-shadow {\n\t\t\t\t\tbox-shadow: none;\n\t\t\t\t}\n\n\t\t\t\t#contact_form-block_698436106b2592210e1196a056ee19f9 .contact_form--form .h3 {\n\t\t\t\t\ttext-align: center;\n\t\t\t\t\tmargin-bottom: 20px;\n\t\t\t\t}\n\n\t\t\t\t#contact_form-block_698436106b2592210e1196a056ee19f9 .contact_form--container {\n\t\t\t\t\tjustify-content: center;\n\t\t\t\t\talign-items: stretch;\n\t\t\t\t}\n\n\t\t\t\t#contact_form-block_698436106b2592210e1196a056ee19f9 .contact_form--form .contact_form--form_header {\n\t\t\t\t\tfont-weight: 600;\n\t\t\t\t\tfont-size: 1.625rem;\n    \t\t\t\tline-height: 2rem;\n\t\t\t\t\tmargin-bottom: 25px;\n\t\t\t\t\ttext-align: center;\n\t\t\t\t}\n\n\t\t\t\t#contact_form-block_698436106b2592210e1196a056ee19f9 .contact_form--form .contact_form--form_header svg {\n\t\t\t\t\tdisplay: block;\n\t\t\t\t\theight: 35px;\n\t\t\t\t\twidth: auto;\n\t\t\t\t}\n\n\t\t\t\t#contact_form-block_698436106b2592210e1196a056ee19f9 .contact_form--form .contact_form--form_header svg g {\n\t\t\t\t\tfill: var(--color1);\n\t\t\t\t}\n\n\t\t\t\t#contact_form-block_698436106b2592210e1196a056ee19f9 .contact_form--form .contact_form--form_subheader {\n\t\t\t\t\tmargin-bottom: 25px;\n\t\t\t\t\ttext-align: center;\n\t\t\t\t}\n\n\t\t\t\t@media only screen and (max-width: 990px) {\n\t\t\t\t\t#contact_form-block_698436106b2592210e1196a056ee19f9 .contact_form--form {\n\t\t\t\t\t\tmargin-top: 0;\n\t\t\t\t\t\tmargin-bottom: var(--padding-sm);\n\t\t\t\t\t\tpadding: 0 15px;\n\t\t\t\t\t}\n\t\t\t\t}\n\n\t\t\t\t#contact_form-block_698436106b2592210e1196a056ee19f9 .contact_form--form input:not(input[type='submit']):not(input[type='checkbox']), #contact_form-block_698436106b2592210e1196a056ee19f9 textarea, #contact_form-block_698436106b2592210e1196a056ee19f9 .contact_form--form select {\n\t\t\t\t\tpadding: 5px 10px!important;\n\t\t\t\t\twidth: 100%;\n\t\t\t\t\tborder: 1px solid rgba(0, 0, 0, .125);\n\t\t\t\t\tmargin-bottom: 15px;\n\t\t\t\t\tcolor: var(--color-text);\n\t\t\t\t\tmin-height: 42px;\n\t\t\t\t\tborder-radius: 5px;\n\t\t\t\t}\n\n\t\t\t\t#contact_form-block_698436106b2592210e1196a056ee19f9 input, #contact_form-block_698436106b2592210e1196a056ee19f9 select, #contact_form-block_698436106b2592210e1196a056ee19f9 textarea {\n\t\t\t\t\tpadding: 15px 10px!important;\n\t\t\t\t\tbackground: #fff;\n\t\t\t\t}\n\n\t\t\t\t#contact_form-block_698436106b2592210e1196a056ee19f9 .contact_form--form select {\n\t\t\t\t\tcolor: rgba(0, 0, 0, .6)!important;\n\t\t\t\t}\n\n\t\t\t\t#contact_form-block_698436106b2592210e1196a056ee19f9 .contact_form--form input[type='submit'] {\n\t\t\t\t\tdisplay: block;\n\t\t\t\t\twidth: fit-content;\n\t\t\t\t\tbackground: var(--color1);\n\t\t\t\t\tcolor: #fff;\n\t\t\t\t\ttransition: all .5s ease;\n\t\t\t\t\tfont-weight: 700;\n\t\t\t\t\tborder-radius: var(--border-radius-micro);\n\t\t\t\t\tpadding: 15px 70px!important;\n\t\t\t\t\tborder: 1px solid var(--color1);\n\t\t\t\t\tmargin: 10px auto 0 auto;\n\t\t\t\t}\n\n\t\t\t\t#contact_form-block_698436106b2592210e1196a056ee19f9 .contact_form--form .col-lg-6 input[type='submit'] {\n\t\t\t\t\tmargin: 10px 0 0 0;\n\t\t\t\t}\n\n\t\t\t\t#contact_form-block_698436106b2592210e1196a056ee19f9 .contact_form--form .p30 {\n\t\t\t\t\tpadding: 30px;\n\t\t\t\t}\n\n\t\t\t\t#contact_form-block_698436106b2592210e1196a056ee19f9 .contact_form--form .border-radius {\n\t\t\t\t\tborder-radius: var(--border-radius);\n\t\t\t\t}\n\n\t\t\t\t@media only screen and (min-width: 1400px) {\n\t\t\t\t\t#contact_form-block_698436106b2592210e1196a056ee19f9 .px-40-desktop {\n\t\t\t\t\t\tpadding-left: 40px!important;\n\t\t\t\t\t\tpadding-right: 40px!important;\n\t\t\t\t\t}\n\t\t\t\t}\n\n\t\t\t\t#contact_form-block_698436106b2592210e1196a056ee19f9 .contact_form--form input[type='submit']:hover {\n\t\t\t\t\tbackground: none;\n\t\t\t\t\tbox-shadow: none;\n\t\t\t\t\tcolor: var(--color1);\n\t\t\t\t}\n\n\t\t\t\t#contact_form-block_698436106b2592210e1196a056ee19f9 .contact_form--form .wpcf7-not-valid-tip {\n\t\t\t\t\tbackground-color: var(--color1);\n\t\t\t\t\tcolor: #fff;\n\t\t\t\t\tpadding: 5px!important;\n\t\t\t\t\tmargin-top: 5px;\n\t\t\t\t\tmargin-bottom: 20px;\n\t\t\t\t}\n\n\t\t\t\t#contact_form-block_698436106b2592210e1196a056ee19f9 .wpcf7-response-output {\n\t\t\t\t\tmargin-top: 0;\n\t\t\t\t\tfont-size: 1rem;\n\t\t\t\t\tfont-weight: bold;\n\t\t\t\t\tmargin-bottom: 15px;\n\t\t\t\t}\n\n\t\t\t\t#contact_form-block_698436106b2592210e1196a056ee19f9 .wpcf7-form[data-status=\"sent\"] .wpcf7-response-output {\n\t\t\t\t\tbackground-color: #fff;\n\t\t\t\t\tcolor: #08a504;\n\t\t\t\t\tborder-color: #08a504;\n\t\t\t\t}\n\n\t\t\t\t#contact_form-block_698436106b2592210e1196a056ee19f9 .wpcf7-form[data-status=\"invalid\"] .wpcf7-response-output {\n\t\t\t\t\tbackground-color: #fff;\n\t\t\t\t\tborder-color: #d40e14;\n\t\t\t\t\tcolor: #d40e14;\n\t\t\t\t}\n\n\t\t\t\t#contact_form-block_698436106b2592210e1196a056ee19f9 .contact_form--form label {\n\t\t\t\t\tfont-size: 1rem;\n\t\t\t\t\tline-height: 1.25rem;\n\t\t\t\t\tmargin-bottom: 5px;\n\t\t\t\t}\n\n\t\t\t\t#contact_form-block_698436106b2592210e1196a056ee19f9 .contact_form--form ::placeholder {\n\t\t\t\t\tcolor: #929292;\n\t\t\t\t\tfont-size: 1rem;\n\t\t\t\t}\n\n\t\t\t\t#contact_form-block_698436106b2592210e1196a056ee19f9 .contact_form--form .wpcf7-not-valid {\n\t\t\t\t\tmargin-bottom: 0!important;\n\t\t\t\t}\n\n\t\t\t\t#contact_form-block_698436106b2592210e1196a056ee19f9 .contact_form--form .wpcf7-acceptance {\n\t\t\t\t\tdisplay: block;\n\t\t\t\t}\n\n\t\t\t\t#contact_form-block_698436106b2592210e1196a056ee19f9 .contact_form--form .wpcf7-acceptance .wpcf7-list-item label {\n\t\t\t\t\tmargin-bottom: 20px;\n\t\t\t\t\tfont-size: .6875rem!important;\n\t\t\t\t\tline-height: 15px;\n\t\t\t\t}\n\n\t\t\t\t#contact_form-block_698436106b2592210e1196a056ee19f9 .contact_form--form .wpcf7-acceptance .wpcf7-list-item a {\n\t\t\t\t\tcolor: var(--color-text)!important;\n\t\t\t\t\ttext-decoration: underline!important;\n\t\t\t\t}\n\n\t\t\t\t#contact_form-block_698436106b2592210e1196a056ee19f9 .contact_form--form .wpcf7-acceptance .wpcf7-list-item a:hover {\n\t\t\t\t\tcolor: var(--color1)!important;\n\t\t\t\t}\n\n\t\t\t\t#contact_form-block_698436106b2592210e1196a056ee19f9 .contact_form--form .skills-list .wpcf7-list-item {\n\t\t\t\t\tdisplay: block;\n\t\t\t\t\twidth: 100%;\n\t\t\t\t}\n\n\t\t\t\t#contact_form-block_698436106b2592210e1196a056ee19f9 .contact_form--form input[type=\"file\"] {\n\t\t\t\t\tfont-size: .875rem;\n\t\t\t\t\tline-height: 1.3;\n\t\t\t\t}\n\n\t\t\t\t#contact_form-block_698436106b2592210e1196a056ee19f9 .contact_form--form input[type=\"file\"]::file-selector-button {\n\t\t\t\t\tfont-size: .875rem;\n\t\t\t\t\tpadding: 8px 14px;\n\t\t\t\t}\n\n\n\t\t\t\t#contact_form-block_698436106b2592210e1196a056ee19f9 .contact_form--form input[type=\"file\"]::-webkit-file-upload-button {\n\t\t\t\t\tfont-size: .875rem;\n\t\t\t\t\tpadding: 8px 14px;\n\t\t\t\t}\n\n\t\t\t\t#contact_form-block_698436106b2592210e1196a056ee19f9 .contact_form--form .skills-list .wpcf7-list-item label {\n\t\t\t\t\tdisplay: flex;\n\t\t\t\t\tflex-direction: row;\n\t\t\t\t\tflex-wrap: nowrap;\n\t\t\t\t\talign-items: flex-start;\n\t\t\t\t\tmargin-bottom: 10px;\n\t\t\t\t\tgap: 15px;\n\t\t\t\t\tfont-size: 1rem;\n\t\t\t\t\tline-height: 1.5rem;\n\t\t\t\t}\n\n\t\t\t\t#contact_form-block_698436106b2592210e1196a056ee19f9 .contact_form--form .skills-list input {\n\t\t\t\t\ttransform: scale(1.4);\n\t\t\t\t\tmargin-top: 5px;\n\t\t\t\t}\n\n\t\t\t\t#contact_form-block_698436106b2592210e1196a056ee19f9 .contact_form--form .wpcf7-acceptance label {\n\t\t\t\t\tdisplay: flex;\n\t\t\t\t\tflex-direction: row;\n\t\t\t\t\tflex-wrap: nowrap;\n\t\t\t\t\talign-items: flex-start;\n\t\t\t\t\tgap: 10px;\n\t\t\t\t}\n\n\t\t\t\t#contact_form-block_698436106b2592210e1196a056ee19f9 .contact_form--form .wpcf7-acceptance label input {\n\t\t\t\t\tmargin-top: 5px;\n\t\t\t\t}\n\n\t\t\t\t#contact_form-block_698436106b2592210e1196a056ee19f9 .contact_form--form.bg_light input:not(input[type='submit']):not(input[type='checkbox']), #contact_form-block_698436106b2592210e1196a056ee19f9 .contact_form--form.bg_light textarea, #contact_form-block_698436106b2592210e1196a056ee19f9 .contact_form--form.bg_light select {\n\t\t\t\t\tborder-color: rgba(0, 0, 0, .5);\n\t\t\t\t}\n\n\t\t\t\t@media only screen and (min-width: 991px) {\n\t\t\t\t\t#contact_form-block_698436106b2592210e1196a056ee19f9 .col-first .wpcf7-form-control-wrap {\n\t\t\t\t\t\tdisplay: block;\n\t\t\t\t\t\tmargin-bottom: 30px;\n\t\t\t\t\t}\n\t\t\t\t}\n\t\t\t\n\t\t\t@media only screen and (max-width: 990px) {\n\t\t\t\t#contact_form-block_698436106b2592210e1196a056ee19f9 .contact_form--header {\n\t\t\t\t\ttext-align: center;\n\t\t\t\t}\n\n\t\t\t\t#contact_form-block_698436106b2592210e1196a056ee19f9 .contact_form--form .contact_form--form_header {\n\t\t\t\t\tmargin-top: 20px;\n\t\t\t\t}\n\n\t\t\t\t#contact_form-block_698436106b2592210e1196a056ee19f9 .contact_form--form .skills-list .h3 {\n\t\t\t\t\tmargin-top: 20px!important;\n\t\t\t\t}\n\n\t\t\t\t#contact_form-block_698436106b2592210e1196a056ee19f9 .wpcf7-turnstile {\n\t\t\t\t\ttransform: scale(0.85);\n\t\t\t\t\ttransform-origin: 0 0;\n\t\t\t\t}\n\t\t\t}\n\t\t<\/style>\n\n\t\t<script>\n\t\t\tdocument.addEventListener('DOMContentLoaded', function() {\n\t\t\t\tjQuery('.wpcf7').addClass('novalidate').on('wpcf7invalid', function (e) {\n\t\t\t\t\tthis.classList.remove('novalidate');\n\t\t\t\t});\n\t\t\t});\n\t\t<\/script>\n\n\t<\/div>\n<\/div>\n<\/div>\n<\/div>\n<\/div><\/div>\n\n\n\n<div class=\"wp-block-group container\"><div class=\"wp-block-group__inner-container is-layout-constrained wp-block-group-is-layout-constrained\">\n<p class=\"has-text-align-center h2\">Check where we are<\/p>\n\n\n\n<iframe class=\"map\" src=\"https:\/\/www.google.com\/maps\/embed?pb=!1m18!1m12!1m3!1d1746.992939392392!2d19.470225532907417!3d51.73996514514777!2m3!1f0!2f0!3f0!3m2!1i1024!2i768!4f13.1!3m3!1m2!1s0x471a34c01a9807e3%3A0xb9e4683a5c698e08!2zxYFvbcW8ecWEc2thIDEzLzE1LCA5My0xNzYgxYHDs2TFug!5e0!3m2!1spl!2spl!4v1770880424507!5m2!1spl!2spl\" width=\"100%\" height=\"300\" style=\"border:0;\" allowfullscreen=\"\" loading=\"lazy\" referrerpolicy=\"no-referrer-when-downgrade\"><\/iframe>\n<\/div><\/div>\n","protected":false},"excerpt":{"rendered":"<p>Relocation services for companies &#8211; that&#8217;s what we know INREL Engineering Services Sp. z o.o. Limited Partnership \u0141om\u017cy\u0144ska 13\/1593-176 \u0141\u00f3d\u017a +48 728 349 954 +48 728 349 955 biuro@inrel.pl office@inrel.pl Opening Hours Mon-Fri 8:00 AM &#8211; 5:00 PM NIP: 7282805591 REGON: 363459042 Check where we are [&#8230;]<\/p>\n<p><a class=\"btn btn-secondary understrap-read-more-link\" href=\"https:\/\/inrel.pl\/en\/contact\/\">Read More&#8230;<span class=\"screen-reader-text\"> from Contact<\/span><\/a><\/p>\n","protected":false},"author":4,"featured_media":0,"parent":0,"menu_order":0,"comment_status":"closed","ping_status":"closed","template":"page-templates\/fullwidthpage.php","meta":{"_acf_changed":false,"inline_featured_image":false,"footnotes":""},"class_list":["post-9513","page","type-page","status-publish","hentry"],"acf":[],"_links":{"self":[{"href":"https:\/\/inrel.pl\/en\/wp-json\/wp\/v2\/pages\/9513","targetHints":{"allow":["GET"]}}],"collection":[{"href":"https:\/\/inrel.pl\/en\/wp-json\/wp\/v2\/pages"}],"about":[{"href":"https:\/\/inrel.pl\/en\/wp-json\/wp\/v2\/types\/page"}],"author":[{"embeddable":true,"href":"https:\/\/inrel.pl\/en\/wp-json\/wp\/v2\/users\/4"}],"replies":[{"embeddable":true,"href":"https:\/\/inrel.pl\/en\/wp-json\/wp\/v2\/comments?post=9513"}],"version-history":[{"count":0,"href":"https:\/\/inrel.pl\/en\/wp-json\/wp\/v2\/pages\/9513\/revisions"}],"wp:attachment":[{"href":"https:\/\/inrel.pl\/en\/wp-json\/wp\/v2\/media?parent=9513"}],"curies":[{"name":"wp","href":"https:\/\/api.w.org\/{rel}","templated":true}]}}