{"id":9419,"date":"2026-02-02T13:11:57","date_gmt":"2026-02-02T12:11:57","guid":{"rendered":"https:\/\/inrel.pl\/?page_id=9419"},"modified":"2026-03-03T11:02:25","modified_gmt":"2026-03-03T10:02:25","slug":"about-us","status":"publish","type":"page","link":"https:\/\/inrel.pl\/en\/about-us\/","title":{"rendered":"About us"},"content":{"rendered":"\n<div class=\"wp-block-group container\"><div class=\"wp-block-group__inner-container is-layout-constrained wp-block-group-is-layout-constrained\">\n<h2 class=\"wp-block-heading has-text-align-center\">INREL \u2013 advanced solutions for industry<\/h2>\n\n\n\n<p class=\"has-text-align-center sublead\">Using many years of specialized experience and professional equipment, we are a proven and reliable partner for clients in areas such as:<\/p>\n\n\n\n<div class=\"wp-block-columns mb-0 service-boxes is-layout-flex wp-container-core-columns-is-layout-9d6595d7 wp-block-columns-is-layout-flex\">\n<div class=\"wp-block-column is-vertically-aligned-stretch is-layout-flow wp-block-column-is-layout-flow\">\n<figure class=\"wp-block-image size-full\"><img loading=\"lazy\" decoding=\"async\" width=\"1170\" height=\"658\" src=\"https:\/\/inrel.pl\/wp-content\/uploads\/2026\/02\/relokacje-maszyn-inrel.jpg\" alt=\"Relokacja i instalacja maszyn\" class=\"wp-image-9030\" srcset=\"https:\/\/inrel.pl\/wp-content\/uploads\/2026\/02\/relokacje-maszyn-inrel.jpg 1170w, https:\/\/inrel.pl\/wp-content\/uploads\/2026\/02\/relokacje-maszyn-inrel-540x304.jpg 540w, https:\/\/inrel.pl\/wp-content\/uploads\/2026\/02\/relokacje-maszyn-inrel-1110x624.jpg 1110w, https:\/\/inrel.pl\/wp-content\/uploads\/2026\/02\/relokacje-maszyn-inrel-768x432.jpg 768w\" sizes=\"auto, (max-width: 1170px) 100vw, 1170px\" \/><\/figure>\n\n\n\n<h3 class=\"wp-block-heading title\">Machinery relocation and installation<\/h3>\n\n\n\n<div class=\"wp-block-buttons is-content-justification-left is-layout-flex wp-container-core-buttons-is-layout-fdcfc74e wp-block-buttons-is-layout-flex\">\n<div class=\"wp-block-button btn-primary btn-sm\"><a class=\"wp-block-button__link wp-element-button\" href=\"https:\/\/inrel.pl\/en\/offer\/machine-relocation-and-installation\/\">Check<\/a><\/div>\n<\/div>\n<\/div>\n\n\n\n<div class=\"wp-block-column is-vertically-aligned-stretch is-layout-flow wp-block-column-is-layout-flow\">\n<figure class=\"wp-block-image size-large\"><img loading=\"lazy\" decoding=\"async\" width=\"1110\" height=\"624\" src=\"https:\/\/inrel.pl\/wp-content\/uploads\/2026\/02\/wsparcie-organizacji-produkcji-inrel-1110x624.jpg\" alt=\"Wsparcie organizacji produkcji Inrel\" class=\"wp-image-9051\" srcset=\"https:\/\/inrel.pl\/wp-content\/uploads\/2026\/02\/wsparcie-organizacji-produkcji-inrel-1110x624.jpg 1110w, https:\/\/inrel.pl\/wp-content\/uploads\/2026\/02\/wsparcie-organizacji-produkcji-inrel-540x304.jpg 540w, https:\/\/inrel.pl\/wp-content\/uploads\/2026\/02\/wsparcie-organizacji-produkcji-inrel-768x432.jpg 768w, https:\/\/inrel.pl\/wp-content\/uploads\/2026\/02\/wsparcie-organizacji-produkcji-inrel.jpg 1170w\" sizes=\"auto, (max-width: 1110px) 100vw, 1110px\" \/><\/figure>\n\n\n\n<h3 class=\"wp-block-heading title\">Organization and production support<\/h3>\n\n\n\n<div class=\"wp-block-buttons is-content-justification-left is-layout-flex wp-container-core-buttons-is-layout-fdcfc74e wp-block-buttons-is-layout-flex\">\n<div class=\"wp-block-button btn-primary btn-sm\"><a class=\"wp-block-button__link wp-element-button\" href=\"https:\/\/inrel.pl\/en\/offer\/production-organization-support\/\">Check<\/a><\/div>\n<\/div>\n<\/div>\n\n\n\n<div class=\"wp-block-column is-vertically-aligned-stretch is-layout-flow wp-block-column-is-layout-flow\">\n<figure class=\"wp-block-image size-large\"><img loading=\"lazy\" decoding=\"async\" width=\"1110\" height=\"624\" src=\"https:\/\/inrel.pl\/wp-content\/uploads\/2026\/02\/transport-morski-inrel-1110x624.jpg\" alt=\"Transport morski Inrel\" class=\"wp-image-9026\" srcset=\"https:\/\/inrel.pl\/wp-content\/uploads\/2026\/02\/transport-morski-inrel-1110x624.jpg 1110w, https:\/\/inrel.pl\/wp-content\/uploads\/2026\/02\/transport-morski-inrel-540x304.jpg 540w, https:\/\/inrel.pl\/wp-content\/uploads\/2026\/02\/transport-morski-inrel-768x432.jpg 768w, https:\/\/inrel.pl\/wp-content\/uploads\/2026\/02\/transport-morski-inrel.jpg 1170w\" sizes=\"auto, (max-width: 1110px) 100vw, 1110px\" \/><\/figure>\n\n\n\n<h3 class=\"wp-block-heading title\">Oversea transport &#8211; packaging<\/h3>\n\n\n\n<div class=\"wp-block-buttons is-content-justification-left is-layout-flex wp-container-core-buttons-is-layout-fdcfc74e wp-block-buttons-is-layout-flex\">\n<div class=\"wp-block-button btn-primary btn-sm\"><a class=\"wp-block-button__link wp-element-button\" href=\"https:\/\/inrel.pl\/en\/offer\/packing-for-sea-transport\/\">Check<\/a><\/div>\n<\/div>\n<\/div>\n<\/div>\n<\/div><\/div>\n\n\n\n<div class=\"wp-block-group container\"><div class=\"wp-block-group__inner-container is-layout-constrained wp-block-group-is-layout-constrained\">\n<div class=\"wp-block-columns mb-0 gap-bigger is-layout-flex wp-container-core-columns-is-layout-9d6595d7 wp-block-columns-is-layout-flex\">\n<div class=\"wp-block-column is-layout-flow wp-block-column-is-layout-flow\">\n<h2 class=\"wp-block-heading has-text-align-left\">We offer comprehensive services to production plants and factories in Poland and abroad.<\/h2>\n\n\n\n<p class=\"has-text-align-left\">We implement modern solutions aimed at improving the quality of operations of companies in the industrial sector. The scope of our services includes:<\/p>\n\n\n\n<ul class=\"wp-block-list list-decor\">\n<li>comprehensive relocation of industrial machinery and entire production lines,<\/li>\n\n\n\n<li>industrial machinery cleaning,<\/li>\n\n\n\n<li>maintenance outsourcing,<\/li>\n\n\n\n<li>industrial machinery unloading,<\/li>\n\n\n\n<li>securing machinery for oversea transport,<\/li>\n\n\n\n<li>crates for oversea transport.<\/li>\n<\/ul>\n\n\n\n<p>We also connect and assist in the commissioning of industrial machinery, process lines, and production plants. We also provide preventive maintenance and technical consulting.<\/p>\n\n\n\n<div class=\"wp-block-buttons mt-20 is-content-justification-left is-layout-flex wp-container-core-buttons-is-layout-fdcfc74e wp-block-buttons-is-layout-flex\">\n<div class=\"wp-block-button btn-primary\"><a class=\"wp-block-button__link wp-element-button\" href=\"https:\/\/inrel.pl\/en\/contact\/\">Contact Us<\/a><\/div>\n<\/div>\n<\/div>\n\n\n\n<div class=\"wp-block-column is-layout-flow wp-block-column-is-layout-flow\"><div class=\"wp-block-image img-border-radius\">\n<figure class=\"aligncenter size-full\"><img loading=\"lazy\" decoding=\"async\" width=\"1170\" height=\"780\" src=\"https:\/\/inrel.pl\/wp-content\/uploads\/2026\/02\/kompleksowe-uslugi-inzynierskie-inrel.jpg\" alt=\"Kompleksowe us\u0142ugi in\u017cynierskie inrel\" class=\"wp-image-9004\" srcset=\"https:\/\/inrel.pl\/wp-content\/uploads\/2026\/02\/kompleksowe-uslugi-inzynierskie-inrel.jpg 1170w, https:\/\/inrel.pl\/wp-content\/uploads\/2026\/02\/kompleksowe-uslugi-inzynierskie-inrel-540x360.jpg 540w, https:\/\/inrel.pl\/wp-content\/uploads\/2026\/02\/kompleksowe-uslugi-inzynierskie-inrel-1110x740.jpg 1110w, https:\/\/inrel.pl\/wp-content\/uploads\/2026\/02\/kompleksowe-uslugi-inzynierskie-inrel-768x512.jpg 768w\" sizes=\"auto, (max-width: 1170px) 100vw, 1170px\" \/><\/figure>\n<\/div><\/div>\n<\/div>\n<\/div><\/div>\n\n\n\n<div id=\"icon_boxes-block_5f6b05cdfb667ab146df0ad90c4eae8c\" class=\"icon_boxes container-fluid\">\n\n\t\n\t\t\t\t\t<div class=\"header-content row\">\n\t\t\t\t\t\n\t\t\t\t\t<div class=\"col-lg-12 header-content--heading\">\n\t\t\t\t\t\t<h2>This is what sets our company different<\/h2>\n\t\t\t\t\t<\/div>\n\t\t\t\t\n\t\t\t\t\t\t\t\t\t<div class=\"col-lg-12 header-content--description\">\n\t\t\t\t\t\t<p>We provide proven solutions where engineering precision and timeliness are essential. We serve your industry both on-site and in transit.<\/p>\n\t\t\t\t\t<\/div>\n\t\t\t\t\t\t\t<\/div>\n\t\t\t\t<div class=\"container\">\n\t\t\t\t\t\t\t<div class=\"boxes row\">\n\t\t\t\t\t\t\t\t\t\t\t<div class=\" col-sm-12 col-md-6 col-lg-4\">\n\t\t\t\t\t\t\t<div class=\"box\">\n\t\t\t\t\t\t\t\t\t\t\t\t\t\t\t\t\t<div class=\"box--icon\">\n\t\t\t\t\t\t\t\t\t\t<img loading=\"lazy\" decoding=\"async\" width=\"512\" height=\"512\" src=\"https:\/\/inrel.pl\/wp-content\/uploads\/2026\/02\/ugruntowana-pozycja-na-rynku.svg\" class=\"attachment-full size-full\" alt=\"Ugruntowana pozycja na rynku\" \/>\t\t\t\t\t\t\t\t\t<\/div>\n\t\t\t\t\t\t\t\t\t\t\t\t\t\t\t\t<div class=\"box--content\">\n\t\t\t\t\t\t\t\t\t\t\t\t\t\t\t\t\t\t<div class=\"box--title\">\n\t\t\t\t\t\t\t\t\t\tWe have a well-established market position\t\t\t\t\t\t\t\t\t<\/div>\n\t\t\t\t\t\t\t\t\t\t\t\t\t\t\t\t\t\t\t\t\t\t\t\t\t\t\t\t<div class=\"box--description\">\n\t\t\t\t\t\t\t\t\t\t\t<p>Since our founding in 2008, we have gained a wide range of satisfied customers, including returning customers. We provide services <strong>throughout the country and abroad<\/strong>.<\/p>\n\t\t\t\t\t\t\t\t\t\t<\/div>\n\t\t\t\t\t\t\t\t\t\t\t\t\t\t\t\t\t<\/div>\n\t\t\t\t\t\t\t<\/div>\n\t\t\t\t\t\t<\/div>\n\t\t\t\t\t\t\t\t\t\t\t<div class=\" col-sm-12 col-md-6 col-lg-4\">\n\t\t\t\t\t\t\t<div class=\"box\">\n\t\t\t\t\t\t\t\t\t\t\t\t\t\t\t\t\t<div class=\"box--icon\">\n\t\t\t\t\t\t\t\t\t\t<img loading=\"lazy\" decoding=\"async\" width=\"512\" height=\"512\" src=\"https:\/\/inrel.pl\/wp-content\/uploads\/2026\/02\/gwarantujemy-rzetelnosc.svg\" class=\"attachment-full size-full\" alt=\"Gwarantujemy rzetelno\u015b\u0107\" \/>\t\t\t\t\t\t\t\t\t<\/div>\n\t\t\t\t\t\t\t\t\t\t\t\t\t\t\t\t<div class=\"box--content\">\n\t\t\t\t\t\t\t\t\t\t\t\t\t\t\t\t\t\t<div class=\"box--title\">\n\t\t\t\t\t\t\t\t\t\tWe guarantee reliability\t\t\t\t\t\t\t\t\t<\/div>\n\t\t\t\t\t\t\t\t\t\t\t\t\t\t\t\t\t\t\t\t\t\t\t\t\t\t\t\t<div class=\"box--description\">\n\t\t\t\t\t\t\t\t\t\t\t<p>We take full responsibility for every order entrusted to us. We value lasting relationships with our clients and are ready to demonstrate our expertise. We take on even <strong>the most ambitious challenges<\/strong>.<\/p>\n\t\t\t\t\t\t\t\t\t\t<\/div>\n\t\t\t\t\t\t\t\t\t\t\t\t\t\t\t\t\t<\/div>\n\t\t\t\t\t\t\t<\/div>\n\t\t\t\t\t\t<\/div>\n\t\t\t\t\t\t\t\t\t\t\t<div class=\" col-sm-12 col-md-6 col-lg-4\">\n\t\t\t\t\t\t\t<div class=\"box\">\n\t\t\t\t\t\t\t\t\t\t\t\t\t\t\t\t\t<div class=\"box--icon\">\n\t\t\t\t\t\t\t\t\t\t<img loading=\"lazy\" decoding=\"async\" width=\"512\" height=\"512\" src=\"https:\/\/inrel.pl\/wp-content\/uploads\/2026\/02\/nasz-zespol-to-doswiadczeni-specjalisci.svg\" class=\"attachment-full size-full\" alt=\"Nasz zesp\u00f3\u0142 to do\u015bwiadczeni specjali\u015bci\" \/>\t\t\t\t\t\t\t\t\t<\/div>\n\t\t\t\t\t\t\t\t\t\t\t\t\t\t\t\t<div class=\"box--content\">\n\t\t\t\t\t\t\t\t\t\t\t\t\t\t\t\t\t\t<div class=\"box--title\">\n\t\t\t\t\t\t\t\t\t\tOur team consists of experienced specialists\t\t\t\t\t\t\t\t\t<\/div>\n\t\t\t\t\t\t\t\t\t\t\t\t\t\t\t\t\t\t\t\t\t\t\t\t\t\t\t\t<div class=\"box--description\">\n\t\t\t\t\t\t\t\t\t\t\t<p>We ensure that all our employees have the knowledge and skills necessary to <strong>safely and efficiently complete the order<\/strong>. Thanks to our many years of experience, collaboration runs smoothly, and the final result is always optimal for the client.<\/p>\n\t\t\t\t\t\t\t\t\t\t<\/div>\n\t\t\t\t\t\t\t\t\t\t\t\t\t\t\t\t\t<\/div>\n\t\t\t\t\t\t\t<\/div>\n\t\t\t\t\t\t<\/div>\n\t\t\t\t\t\t\t\t\t\t\t<div class=\" col-sm-12 col-md-6 col-lg-4\">\n\t\t\t\t\t\t\t<div class=\"box\">\n\t\t\t\t\t\t\t\t\t\t\t\t\t\t\t\t\t<div class=\"box--icon\">\n\t\t\t\t\t\t\t\t\t\t<img loading=\"lazy\" decoding=\"async\" width=\"512\" height=\"512\" src=\"https:\/\/inrel.pl\/wp-content\/uploads\/2026\/02\/stosujemy-specjalistyczny-sprzet.svg\" class=\"attachment-full size-full\" alt=\"Stosujemy specjalistyczny sprz\u0119t\" \/>\t\t\t\t\t\t\t\t\t<\/div>\n\t\t\t\t\t\t\t\t\t\t\t\t\t\t\t\t<div class=\"box--content\">\n\t\t\t\t\t\t\t\t\t\t\t\t\t\t\t\t\t\t<div class=\"box--title\">\n\t\t\t\t\t\t\t\t\t\tWe use specialized equipment\t\t\t\t\t\t\t\t\t<\/div>\n\t\t\t\t\t\t\t\t\t\t\t\t\t\t\t\t\t\t\t\t\t\t\t\t\t\t\t\t<div class=\"box--description\">\n\t\t\t\t\t\t\t\t\t\t\t<p>We select appropriate, modern, and professional equipment for every service. We have a <strong>large and versatile fleet of machinery and equipment<\/strong>, allowing us to handle even the most demanding tasks in our industry.<\/p>\n\t\t\t\t\t\t\t\t\t\t<\/div>\n\t\t\t\t\t\t\t\t\t\t\t\t\t\t\t\t\t<\/div>\n\t\t\t\t\t\t\t<\/div>\n\t\t\t\t\t\t<\/div>\n\t\t\t\t\t\t\t\t\t\t\t<div class=\" col-sm-12 col-md-6 col-lg-4\">\n\t\t\t\t\t\t\t<div class=\"box\">\n\t\t\t\t\t\t\t\t\t\t\t\t\t\t\t\t\t<div class=\"box--icon\">\n\t\t\t\t\t\t\t\t\t\t<img loading=\"lazy\" decoding=\"async\" width=\"512\" height=\"512\" src=\"https:\/\/inrel.pl\/wp-content\/uploads\/2026\/02\/nie-tylko-relokacja.svg\" class=\"attachment-full size-full\" alt=\"Nie tylko relokacja\" \/>\t\t\t\t\t\t\t\t\t<\/div>\n\t\t\t\t\t\t\t\t\t\t\t\t\t\t\t\t<div class=\"box--content\">\n\t\t\t\t\t\t\t\t\t\t\t\t\t\t\t\t\t\t<div class=\"box--title\">\n\t\t\t\t\t\t\t\t\t\tNot Just Relocation\t\t\t\t\t\t\t\t\t<\/div>\n\t\t\t\t\t\t\t\t\t\t\t\t\t\t\t\t\t\t\t\t\t\t\t\t\t\t\t\t<div class=\"box--description\">\n\t\t\t\t\t\t\t\t\t\t\t<p>In addition to relocating plants, machinery, and production lines, we also <strong>connect and assist in the commissioning of industrial machinery<\/strong>, process lines, and production plants. We also provide preventive maintenance and technical consulting.<\/p>\n\t\t\t\t\t\t\t\t\t\t<\/div>\n\t\t\t\t\t\t\t\t\t\t\t\t\t\t\t\t\t<\/div>\n\t\t\t\t\t\t\t<\/div>\n\t\t\t\t\t\t<\/div>\n\t\t\t\t\t\t\t\t\t\t\t<div class=\" col-sm-12 col-md-6 col-lg-4\">\n\t\t\t\t\t\t\t<div class=\"box\">\n\t\t\t\t\t\t\t\t\t\t\t\t\t\t\t\t\t<div class=\"box--icon\">\n\t\t\t\t\t\t\t\t\t\t<img loading=\"lazy\" decoding=\"async\" width=\"512\" height=\"512\" src=\"https:\/\/inrel.pl\/wp-content\/uploads\/2026\/02\/bezplatnie-wyceniamy-kazde-zlecenie.svg\" class=\"attachment-full size-full\" alt=\"Bezp\u0142atnie wyceniamy ka\u017cde zlecenie\" \/>\t\t\t\t\t\t\t\t\t<\/div>\n\t\t\t\t\t\t\t\t\t\t\t\t\t\t\t\t<div class=\"box--content\">\n\t\t\t\t\t\t\t\t\t\t\t\t\t\t\t\t\t\t<div class=\"box--title\">\n\t\t\t\t\t\t\t\t\t\tWe provide free estimates for every job\t\t\t\t\t\t\t\t\t<\/div>\n\t\t\t\t\t\t\t\t\t\t\t\t\t\t\t\t\t\t\t\t\t\t\t\t\t\t\t\t<div class=\"box--description\">\n\t\t\t\t\t\t\t\t\t\t\t<p>Understanding the specifics of our clients&#8217; industries and needs, we know that each job is different and requires individual planning, pricing, and execution. In addition to efficiently and reliably completing the entire process, we guarantee <strong>attractive prices<\/strong>. This allows us to build lasting relationships and support our clients consistently for many years.<\/p>\n\t\t\t\t\t\t\t\t\t\t<\/div>\n\t\t\t\t\t\t\t\t\t\t\t\t\t\t\t\t\t<\/div>\n\t\t\t\t\t\t\t<\/div>\n\t\t\t\t\t\t<\/div>\n\t\t\t\t\t\t\t\t\t<\/div>\n\t\t\t\n\t\t\t\t\t\t\t<div class=\"icon_boxes_btns\">\n\t\t\t\t\t\t\t\t\t\t\t\t\t\t\t\t\t\t<a title=\"Contact Us\" href=\"https:\/\/inrel.pl\/en\/contact\/\" class=\"btn btn-accent\" target=\"_self\">Contact Us<\/a>\n\t\t\t\t\t\t\t\t\t\t\t\t\t\t\t\t\t\t\t\t\t\t\t\t<a title=\"+48 728 349 954\" href=\"tel:+48728349954\" class=\"btn btn-bordered btn-tel\" target=\"_self\">+48 728 349 954<\/a>\n\t\t\t\t\t\t\t\t\t\t\t\t\t\t\t<\/div>\n\t\t\t\t\t<\/div>\n\n\t<style type=\"text\/css\">\n\n\t\t#icon_boxes-block_5f6b05cdfb667ab146df0ad90c4eae8c {\n\t\t\tmargin-top: 0;\n\t\t\tmargin-bottom: var(--margin);\n\t\t\tbackground-color: var(--color5);\n\t\t\tpadding-top: var(--padding);\n\t\t\tpadding-bottom: var(--padding);\n\t\t}\n\n\t\t#icon_boxes-block_5f6b05cdfb667ab146df0ad90c4eae8c .header-content--heading h2 {\n\t\t\twidth: 100%;\n\t\t\ttext-align: center;\n\t\t\tmargin: 0 auto 16px auto;\n\t\t}\n\n\t\t#icon_boxes-block_5f6b05cdfb667ab146df0ad90c4eae8c .header-content--description {\n\t\t\tmargin: 0 auto 25px auto!important;\n\t\t\ttext-align: center;\n\t\t}\n\n\t\t#icon_boxes-block_5f6b05cdfb667ab146df0ad90c4eae8c .boxes .col-md-6 {\n\t\t\tmargin-bottom: 25px;\n\t\t}\n\n\t\t#icon_boxes-block_5f6b05cdfb667ab146df0ad90c4eae8c .boxes .box {\n\t\t\tdisplay: flex;\n\t\t\tflex-direction: column;\n\t\t\theight: 100%;\n\t\t\tbackground: #fff;\n\t\t\tborder-radius: var(--border-radius);\n\t\t\tpadding: 15px 15px 20px 15px;\n\t\t\tgap: 10px;\n\t\t}\n\n\t\t#icon_boxes-block_5f6b05cdfb667ab146df0ad90c4eae8c .boxes .box .box--icon {\n\t\t\twidth: 60px;\n\t\t\theight: 60px;\n\t\t\tbackground-color: var(--color2);\n\t\t\tborder-radius: var(--border-radius);\n\t\t\tdisplay: flex;\n\t\t\tflex-shrink: 0;\n\t\t\talign-items: center;\n\t\t\tjustify-content: center;\n\t\t}\n\n\t\t#icon_boxes-block_5f6b05cdfb667ab146df0ad90c4eae8c .boxes .box .box--content {\n\t\t\theight: 100%;\n\t\t\tdisplay: flex;\n\t\t\tflex-direction: column;\n\t\t\tgap: 10px;\n\t\t}\n\n\t\t#icon_boxes-block_5f6b05cdfb667ab146df0ad90c4eae8c .boxes .box .box--icon img {\n\t\t\tdisplay: block;\n\t\t\twidth: 34px;\n\t\t\theight: 34px;\n\t\t}\n\n\t\t#icon_boxes-block_5f6b05cdfb667ab146df0ad90c4eae8c .boxes .box .box--title {\n\t\t\tfont-size: 1.125rem;\n\t\t\tfont-weight: 500;\n\t\t\tline-height: 1.75rem;\n\t\t\tborder-bottom: 1px solid var(--color1);\n\t\t\tpadding-bottom: 5px;\n\t\t}\n\n\t\t#icon_boxes-block_5f6b05cdfb667ab146df0ad90c4eae8c .boxes .box .box--description {\n\t\t\tfont-size: 1rem;\n\t\t\tline-height: 1.667em;\n\t\t}\n\n\t\t#icon_boxes-block_5f6b05cdfb667ab146df0ad90c4eae8c .boxes .box .box--description p {\n\t\t\tmargin: 0;\n\t\t}\n\n\t\t#icon_boxes-block_5f6b05cdfb667ab146df0ad90c4eae8c .icon_boxes_btns {\n\t\t\tdisplay: flex;\n\t\t\tflex-wrap: wrap;\n\t\t\tflex-direction: row;\n\t\t\tgap: 15px;\n\t\t\tjustify-content: center;\n\t\t\talign-items: center;\n\t\t}\n\n\t\t#icon_boxes-block_5f6b05cdfb667ab146df0ad90c4eae8c .cta-link .btn {\n\t\t\twidth: fit-content;\n\t\t\tmargin: 30px auto 0 auto;\n\t\t}\n\n\t\t@media screen and (min-width: 1600px) {\n\t\t\t#icon_boxes-block_5f6b05cdfb667ab146df0ad90c4eae8c .boxes {\n\t\t\t\tmargin-left: 30px;\n\t\t\t\tmargin-right: 30px;\n\t\t\t}\n\t\t}\n\n\t\t@media screen and (max-width: 990px) {\n\t\t\t#icon_boxes-block_5f6b05cdfb667ab146df0ad90c4eae8c .header-content {\n\t\t\t\tpadding-bottom: 3a0px;\n\t\t\t}\n\n\t\t\t#icon_boxes-block_5f6b05cdfb667ab146df0ad90c4eae8c .boxes .box {\n\t\t\t\tflex-direction: column;\n\t\t\t\talign-items: center;\n\t\t\t\ttext-align: center;\n\t\t\t}\n\t\t}\n\n\t<\/style>\n<\/div>\n\n\n\n<div id=\"cta-block_b0c65f0a443a76b9bba38b0591c34cc2\" class=\"cta container-fluid\">\n\t<div class=\"container\">\n\t\t<div class=\"row\">\n\t\t\t<div class=\"col-lg-9\">\n\t\t\t\t\t\t\t\t\t<div class=\"row\">\n\t\t\t\t\t\t\t\t\t\t\t\t\t\t\t\t\t\t\t<div class=\"col-lg-12 cta-content\">\n\t\t\t\t\t\t\t\t<p>Planning a machinery relocation or production reorganization? Want to ensure your equipment is undamaged and that everything is completed efficiently and on time? You&#8217;ve come to the right place.<\/p>\n\t\t\t\t\t\t\t<\/div>\n\t\t\t\t\t\t\t\t\t\t\t<\/div>\n\t\t\t\t\t\t\t<\/div>\n\n\t\t\t\t\t\t\t<div class=\"cta-link col-lg-3\">\n\t\t\t\t\t<a class=\"btn btn-accent\" title=\"Free Consultation\" href=\"https:\/\/inrel.pl\/en\/contact\/\" target=\"_self\">\n\t\t\t\t\t\tFree Consultation\t\t\t\t\t<\/a>\n\t\t\t\t<\/div>\n\t\t\t\t\t<\/div>\n\t<\/div>\n<\/div>\n\n<style type=\"text\/css\">\n\t#cta-block_b0c65f0a443a76b9bba38b0591c34cc2 {\n\t\tpadding-top: 60px;\n\t\tpadding-bottom: 60px;\n\t\tmargin-top: 0;\n\t\tmargin-bottom: var(--margin-big);\n\t\tbackground-color: var(--color4);\n\t\tcolor: #fff6f6;\n\t}\n\n\t#cta-block_b0c65f0a443a76b9bba38b0591c34cc2 .h2 {\n\t\tdisplay: block;\n\t\twidth: 100%;\n\t\tcolor: #fff6f6!important;\n\t\tmargin: 0 auto 30px auto!important;\n\t}\n\n\t#cta-block_b0c65f0a443a76b9bba38b0591c34cc2 .cta-content p {\n\t\tfont-size: 1.375rem!important;\n\t\tline-height: normal!important;\n\t\tfont-weight: 500;\n\t\tmargin-bottom: 0;\n\t\tmax-width: unset!important;\n\t}\n\n\t#cta-block_b0c65f0a443a76b9bba38b0591c34cc2 .cta-link {\n\t\tdisplay: flex;\n\t\tflex-direction: row;\n\t\tflex-wrap: nowrap;\n\t\tjustify-content: flex-start;\n\t\talign-items: center;\n\t}\n\n\n\t@media only screen and (min-width: 990px) {\n\t\t#cta-block_b0c65f0a443a76b9bba38b0591c34cc2 .cta-content p {\n\t\t\tmax-width: 680px!important;\n\t\t\tmargin-left: auto;\n\t\t\tmargin-right: auto;\n\t\t}\n\t}\n\n\t@media only screen and (max-width: 990px) {\n\t\t#cta-block_b0c65f0a443a76b9bba38b0591c34cc2 {\n\t\t\ttext-align: center;\n\t\t}\n\n\t\t#cta-block_b0c65f0a443a76b9bba38b0591c34cc2 .h2 {\n\t\t\tmargin-bottom: var(--margin)!important;\n\t\t\ttext-align: center!important;\n\t\t}\n\n\t\t#cta-block_b0c65f0a443a76b9bba38b0591c34cc2 .cta-link {\n\t\t\tmargin-top: var(--margin);\n\t\t\tjustify-content: center;\n\t\t}\n\t}\n\n<\/style>","protected":false},"excerpt":{"rendered":"<p>INREL \u2013 advanced solutions for industry Using many years of specialized experience and professional equipment, we are a proven and reliable partner for clients in areas such as: Machinery relocation and installation Organization and production support Oversea transport &#8211; packaging We offer comprehensive services to production plants and factories in Poland and abroad. We implement modern solutions aimed at improving the quality of operations of companies in the industrial sector. The scope of our services includes: We also connect and assist in the commissioning of industrial machinery, process lines, and production plants. We also provide preventive maintenance and technical consulting. [&#8230;]<\/p>\n<p><a class=\"btn btn-secondary understrap-read-more-link\" href=\"https:\/\/inrel.pl\/en\/about-us\/\">Read More&#8230;<span class=\"screen-reader-text\"> from About us<\/span><\/a><\/p>\n","protected":false},"author":4,"featured_media":0,"parent":0,"menu_order":0,"comment_status":"closed","ping_status":"closed","template":"page-templates\/fullwidthpage.php","meta":{"_acf_changed":false,"inline_featured_image":false,"footnotes":""},"class_list":["post-9419","page","type-page","status-publish","hentry"],"acf":[],"_links":{"self":[{"href":"https:\/\/inrel.pl\/en\/wp-json\/wp\/v2\/pages\/9419","targetHints":{"allow":["GET"]}}],"collection":[{"href":"https:\/\/inrel.pl\/en\/wp-json\/wp\/v2\/pages"}],"about":[{"href":"https:\/\/inrel.pl\/en\/wp-json\/wp\/v2\/types\/page"}],"author":[{"embeddable":true,"href":"https:\/\/inrel.pl\/en\/wp-json\/wp\/v2\/users\/4"}],"replies":[{"embeddable":true,"href":"https:\/\/inrel.pl\/en\/wp-json\/wp\/v2\/comments?post=9419"}],"version-history":[{"count":0,"href":"https:\/\/inrel.pl\/en\/wp-json\/wp\/v2\/pages\/9419\/revisions"}],"wp:attachment":[{"href":"https:\/\/inrel.pl\/en\/wp-json\/wp\/v2\/media?parent=9419"}],"curies":[{"name":"wp","href":"https:\/\/api.w.org\/{rel}","templated":true}]}}