{"id":9546,"date":"2026-02-02T13:11:57","date_gmt":"2026-02-02T12:11:57","guid":{"rendered":"https:\/\/inrel.pl\/o-firmie\/"},"modified":"2026-03-03T11:03:16","modified_gmt":"2026-03-03T10:03:16","slug":"ueber-das-unternehmen","status":"publish","type":"page","link":"https:\/\/inrel.pl\/de\/ueber-das-unternehmen\/","title":{"rendered":"\u00dcber das Unternehmen"},"content":{"rendered":"\n<div class=\"wp-block-group container\"><div class=\"wp-block-group__inner-container is-layout-constrained wp-block-group-is-layout-constrained\">\n<h2 class=\"wp-block-heading has-text-align-center\">INREL \u2013 fortschrittliche L\u00f6sungen f\u00fcr die Industrie<\/h2>\n\n\n\n<p class=\"has-text-align-center sublead\">Mit vielen Jahren Spezialistenerfahrung und professioneller Ausr\u00fcstung sind wir ein bew\u00e4hrter und zuverl\u00e4ssiger Partner f\u00fcr Kunden in Bereichen wie:<\/p>\n\n\n\n<div class=\"wp-block-columns mb-0 service-boxes is-layout-flex wp-container-core-columns-is-layout-9d6595d7 wp-block-columns-is-layout-flex\">\n<div class=\"wp-block-column is-vertically-aligned-stretch is-layout-flow wp-block-column-is-layout-flow\">\n<figure class=\"wp-block-image size-full\"><img loading=\"lazy\" decoding=\"async\" width=\"1170\" height=\"658\" src=\"https:\/\/inrel.pl\/wp-content\/uploads\/2026\/02\/relokacje-maszyn-inrel.jpg\" alt=\"Relokacja i instalacja maszyn\" class=\"wp-image-9030\" srcset=\"https:\/\/inrel.pl\/wp-content\/uploads\/2026\/02\/relokacje-maszyn-inrel.jpg 1170w, https:\/\/inrel.pl\/wp-content\/uploads\/2026\/02\/relokacje-maszyn-inrel-540x304.jpg 540w, https:\/\/inrel.pl\/wp-content\/uploads\/2026\/02\/relokacje-maszyn-inrel-1110x624.jpg 1110w, https:\/\/inrel.pl\/wp-content\/uploads\/2026\/02\/relokacje-maszyn-inrel-768x432.jpg 768w\" sizes=\"auto, (max-width: 1170px) 100vw, 1170px\" \/><\/figure>\n\n\n\n<h3 class=\"wp-block-heading title\">Verlegung und Installation von Maschinen<\/h3>\n\n\n\n<div class=\"wp-block-buttons is-content-justification-left is-layout-flex wp-container-core-buttons-is-layout-fdcfc74e wp-block-buttons-is-layout-flex\">\n<div class=\"wp-block-button btn-primary btn-sm\"><a class=\"wp-block-button__link wp-element-button\" href=\"https:\/\/inrel.pl\/de\/angebot\/umzug-und-installation-von-maschinen-und-ausruestungen-an\/\">Check<\/a><\/div>\n<\/div>\n<\/div>\n\n\n\n<div class=\"wp-block-column is-vertically-aligned-stretch is-layout-flow wp-block-column-is-layout-flow\">\n<figure class=\"wp-block-image size-large\"><img loading=\"lazy\" decoding=\"async\" width=\"1110\" height=\"624\" src=\"https:\/\/inrel.pl\/wp-content\/uploads\/2026\/02\/wsparcie-organizacji-produkcji-inrel-1110x624.jpg\" alt=\"Wsparcie organizacji produkcji Inrel\" class=\"wp-image-9051\" srcset=\"https:\/\/inrel.pl\/wp-content\/uploads\/2026\/02\/wsparcie-organizacji-produkcji-inrel-1110x624.jpg 1110w, https:\/\/inrel.pl\/wp-content\/uploads\/2026\/02\/wsparcie-organizacji-produkcji-inrel-540x304.jpg 540w, https:\/\/inrel.pl\/wp-content\/uploads\/2026\/02\/wsparcie-organizacji-produkcji-inrel-768x432.jpg 768w, https:\/\/inrel.pl\/wp-content\/uploads\/2026\/02\/wsparcie-organizacji-produkcji-inrel.jpg 1170w\" sizes=\"auto, (max-width: 1110px) 100vw, 1110px\" \/><\/figure>\n\n\n\n<h3 class=\"wp-block-heading title\">Unterst\u00fctzung bei Organisation und Produktion<\/h3>\n\n\n\n<div class=\"wp-block-buttons is-content-justification-left is-layout-flex wp-container-core-buttons-is-layout-fdcfc74e wp-block-buttons-is-layout-flex\">\n<div class=\"wp-block-button btn-primary btn-sm\"><a class=\"wp-block-button__link wp-element-button\" href=\"https:\/\/inrel.pl\/de\/angebot\/unterstuetzung-fuer-produktionsorganisation\/\">Check<\/a><\/div>\n<\/div>\n<\/div>\n\n\n\n<div class=\"wp-block-column is-vertically-aligned-stretch is-layout-flow wp-block-column-is-layout-flow\">\n<figure class=\"wp-block-image size-large\"><img loading=\"lazy\" decoding=\"async\" width=\"1110\" height=\"624\" src=\"https:\/\/inrel.pl\/wp-content\/uploads\/2026\/02\/transport-morski-inrel-1110x624.jpg\" alt=\"Transport morski Inrel\" class=\"wp-image-9026\" srcset=\"https:\/\/inrel.pl\/wp-content\/uploads\/2026\/02\/transport-morski-inrel-1110x624.jpg 1110w, https:\/\/inrel.pl\/wp-content\/uploads\/2026\/02\/transport-morski-inrel-540x304.jpg 540w, https:\/\/inrel.pl\/wp-content\/uploads\/2026\/02\/transport-morski-inrel-768x432.jpg 768w, https:\/\/inrel.pl\/wp-content\/uploads\/2026\/02\/transport-morski-inrel.jpg 1170w\" sizes=\"auto, (max-width: 1110px) 100vw, 1110px\" \/><\/figure>\n\n\n\n<h3 class=\"wp-block-heading title\">Seetransport \u2013 Verpackung<\/h3>\n\n\n\n<div class=\"wp-block-buttons is-content-justification-left is-layout-flex wp-container-core-buttons-is-layout-fdcfc74e wp-block-buttons-is-layout-flex\">\n<div class=\"wp-block-button btn-primary btn-sm\"><a class=\"wp-block-button__link wp-element-button\" href=\"https:\/\/inrel.pl\/de\/angebot\/verpackungen-fuer-den-seetransport\/\">Check<\/a><\/div>\n<\/div>\n<\/div>\n<\/div>\n<\/div><\/div>\n\n\n\n<div class=\"wp-block-group container\"><div class=\"wp-block-group__inner-container is-layout-constrained wp-block-group-is-layout-constrained\">\n<div class=\"wp-block-columns mb-0 gap-bigger is-layout-flex wp-container-core-columns-is-layout-9d6595d7 wp-block-columns-is-layout-flex\">\n<div class=\"wp-block-column is-layout-flow wp-block-column-is-layout-flow\">\n<h2 class=\"wp-block-heading has-text-align-left\">Wir bieten einen One-Stop-Service f\u00fcr Produktionsst\u00e4tten und Fabriken in Polen und im Ausland<\/h2>\n\n\n\n<p class=\"has-text-align-left\">Wir setzen moderne L\u00f6sungen um, die darauf abzielen, die Betriebsqualit\u00e4t von Unternehmen im Industriesektor zu verbessern.<\/p>\n\n\n\n<p class=\"has-text-align-left\">Das Leistungsspektrum, das wir anbieten, umfasst:<\/p>\n\n\n\n<ul class=\"wp-block-list list-decor\">\n<li>umfassende Verlagerung von Industriemaschinen und kompletten Produktionslinien,<\/li>\n\n\n\n<li>Reinigung von Industriemaschinen,<\/li>\n\n\n\n<li>Wartungsauslagerung,<\/li>\n\n\n\n<li>Instandhaltung outsourcing,<\/li>\n\n\n\n<li>Entladen von Industriemaschinen,<\/li>\n\n\n\n<li>Maschinen f\u00fcr den Seetransport sichern,<\/li>\n\n\n\n<li>Kisten f\u00fcr den Seetransport.<\/li>\n<\/ul>\n\n\n\n<p>Wir \u00fcbernehmen au\u00dferdem die Vernetzung und Unterst\u00fctzung bei der Inbetriebnahme von Industriemaschinen, Technologielinien und Produktionsanlagen. Dar\u00fcber hinaus k\u00fcmmern wir uns um pr\u00e4ventive Wartung und technische Beratung.<\/p>\n\n\n\n<div class=\"wp-block-buttons mt-20 is-content-justification-left is-layout-flex wp-container-core-buttons-is-layout-fdcfc74e wp-block-buttons-is-layout-flex\">\n<div class=\"wp-block-button btn-primary\"><a class=\"wp-block-button__link wp-element-button\" href=\"https:\/\/inrel.pl\/de\/kontakt\/\">Kontakt<\/a><\/div>\n<\/div>\n<\/div>\n\n\n\n<div class=\"wp-block-column is-layout-flow wp-block-column-is-layout-flow\"><div class=\"wp-block-image img-border-radius\">\n<figure class=\"aligncenter size-full\"><img loading=\"lazy\" decoding=\"async\" width=\"1170\" height=\"780\" src=\"https:\/\/inrel.pl\/wp-content\/uploads\/2026\/02\/kompleksowe-uslugi-inzynierskie-inrel.jpg\" alt=\"Kompleksowe us\u0142ugi in\u017cynierskie inrel\" class=\"wp-image-9004\" srcset=\"https:\/\/inrel.pl\/wp-content\/uploads\/2026\/02\/kompleksowe-uslugi-inzynierskie-inrel.jpg 1170w, https:\/\/inrel.pl\/wp-content\/uploads\/2026\/02\/kompleksowe-uslugi-inzynierskie-inrel-540x360.jpg 540w, https:\/\/inrel.pl\/wp-content\/uploads\/2026\/02\/kompleksowe-uslugi-inzynierskie-inrel-1110x740.jpg 1110w, https:\/\/inrel.pl\/wp-content\/uploads\/2026\/02\/kompleksowe-uslugi-inzynierskie-inrel-768x512.jpg 768w\" sizes=\"auto, (max-width: 1170px) 100vw, 1170px\" \/><\/figure>\n<\/div><\/div>\n<\/div>\n<\/div><\/div>\n\n\n\n<div id=\"icon_boxes-block_5ea43df84201f9fc1332fdd422371d1b\" class=\"icon_boxes container-fluid\">\n\n\t\n\t\t\t\t\t<div class=\"header-content row\">\n\t\t\t\t\t\n\t\t\t\t\t<div class=\"col-lg-12 header-content--heading\">\n\t\t\t\t\t\t<h2>Das ist es, was unser Unternehmen anders macht<\/h2>\n\t\t\t\t\t<\/div>\n\t\t\t\t\n\t\t\t\t\t\t\t\t\t<div class=\"col-lg-12 header-content--description\">\n\t\t\t\t\t\t<p>Wir liefern bew\u00e4hrte L\u00f6sungen, bei denen technische Pr\u00e4zision und P\u00fcnktlichkeit wichtig sind. Wir bedienen Ihre Branche, sowohl station\u00e4r als auch im Transport.<\/p>\n\t\t\t\t\t<\/div>\n\t\t\t\t\t\t\t<\/div>\n\t\t\t\t<div class=\"container\">\n\t\t\t\t\t\t\t<div class=\"boxes row\">\n\t\t\t\t\t\t\t\t\t\t\t<div class=\" col-sm-12 col-md-6 col-lg-4\">\n\t\t\t\t\t\t\t<div class=\"box\">\n\t\t\t\t\t\t\t\t\t\t\t\t\t\t\t\t\t<div class=\"box--icon\">\n\t\t\t\t\t\t\t\t\t\t<img loading=\"lazy\" decoding=\"async\" width=\"512\" height=\"512\" src=\"https:\/\/inrel.pl\/wp-content\/uploads\/2026\/02\/ugruntowana-pozycja-na-rynku.svg\" class=\"attachment-full size-full\" alt=\"Ugruntowana pozycja na rynku\" \/>\t\t\t\t\t\t\t\t\t<\/div>\n\t\t\t\t\t\t\t\t\t\t\t\t\t\t\t\t<div class=\"box--content\">\n\t\t\t\t\t\t\t\t\t\t\t\t\t\t\t\t\t\t<div class=\"box--title\">\n\t\t\t\t\t\t\t\t\t\tWir haben eine etablierte Position auf dem Markt\t\t\t\t\t\t\t\t\t<\/div>\n\t\t\t\t\t\t\t\t\t\t\t\t\t\t\t\t\t\t\t\t\t\t\t\t\t\t\t\t<div class=\"box--description\">\n\t\t\t\t\t\t\t\t\t\t\t<p>Seit der Gr\u00fcndung im Jahr 2008 haben wir eine breite Palette zufriedener Kunden gewonnen, darunter auch wiederkehrende. Wir bieten Dienstleistungen <strong>im ganzen Land und im Ausland an<\/strong>.<\/p>\n\t\t\t\t\t\t\t\t\t\t<\/div>\n\t\t\t\t\t\t\t\t\t\t\t\t\t\t\t\t\t<\/div>\n\t\t\t\t\t\t\t<\/div>\n\t\t\t\t\t\t<\/div>\n\t\t\t\t\t\t\t\t\t\t\t<div class=\" col-sm-12 col-md-6 col-lg-4\">\n\t\t\t\t\t\t\t<div class=\"box\">\n\t\t\t\t\t\t\t\t\t\t\t\t\t\t\t\t\t<div class=\"box--icon\">\n\t\t\t\t\t\t\t\t\t\t<img loading=\"lazy\" decoding=\"async\" width=\"512\" height=\"512\" src=\"https:\/\/inrel.pl\/wp-content\/uploads\/2026\/02\/gwarantujemy-rzetelnosc.svg\" class=\"attachment-full size-full\" alt=\"Gwarantujemy rzetelno\u015b\u0107\" \/>\t\t\t\t\t\t\t\t\t<\/div>\n\t\t\t\t\t\t\t\t\t\t\t\t\t\t\t\t<div class=\"box--content\">\n\t\t\t\t\t\t\t\t\t\t\t\t\t\t\t\t\t\t<div class=\"box--title\">\n\t\t\t\t\t\t\t\t\t\tWir garantieren Zuverl\u00e4ssigkeit\t\t\t\t\t\t\t\t\t<\/div>\n\t\t\t\t\t\t\t\t\t\t\t\t\t\t\t\t\t\t\t\t\t\t\t\t\t\t\t\t<div class=\"box--description\">\n\t\t\t\t\t\t\t\t\t\t\t<p>Wir \u00fcbernehmen die volle Verantwortung f\u00fcr jeden uns anvertrauten Befehl. Wir legen Wert auf dauerhafte Kundenbeziehungen und sind bereit, unser Fachwissen zu dokumentieren. Wir nehmen selbst <strong>die ehrgeizigsten Herausforderungen an<\/strong>.<\/p>\n\t\t\t\t\t\t\t\t\t\t<\/div>\n\t\t\t\t\t\t\t\t\t\t\t\t\t\t\t\t\t<\/div>\n\t\t\t\t\t\t\t<\/div>\n\t\t\t\t\t\t<\/div>\n\t\t\t\t\t\t\t\t\t\t\t<div class=\" col-sm-12 col-md-6 col-lg-4\">\n\t\t\t\t\t\t\t<div class=\"box\">\n\t\t\t\t\t\t\t\t\t\t\t\t\t\t\t\t\t<div class=\"box--icon\">\n\t\t\t\t\t\t\t\t\t\t<img loading=\"lazy\" decoding=\"async\" width=\"512\" height=\"512\" src=\"https:\/\/inrel.pl\/wp-content\/uploads\/2026\/02\/nasz-zespol-to-doswiadczeni-specjalisci.svg\" class=\"attachment-full size-full\" alt=\"Nasz zesp\u00f3\u0142 to do\u015bwiadczeni specjali\u015bci\" \/>\t\t\t\t\t\t\t\t\t<\/div>\n\t\t\t\t\t\t\t\t\t\t\t\t\t\t\t\t<div class=\"box--content\">\n\t\t\t\t\t\t\t\t\t\t\t\t\t\t\t\t\t\t<div class=\"box--title\">\n\t\t\t\t\t\t\t\t\t\tUnser Team besteht aus erfahrenen Spezialisten\t\t\t\t\t\t\t\t\t<\/div>\n\t\t\t\t\t\t\t\t\t\t\t\t\t\t\t\t\t\t\t\t\t\t\t\t\t\t\t\t<div class=\"box--description\">\n\t\t\t\t\t\t\t\t\t\t\t<p>Wir stellen sicher, dass alle unsere Mitarbeiter \u00fcber das Wissen und die F\u00e4higkeiten verf\u00fcgen, die f\u00fcr eine sichere und <strong>effiziente Ausf\u00fchrung des Auftrags erforderlich sind<\/strong>. Dank vielj\u00e4hriger gemeinsamer Erfahrung findet die Zusammenarbeit ohne Kollisionen statt, und die Wirkung der Arbeit ist f\u00fcr den Kunden stets optimal.<\/p>\n\t\t\t\t\t\t\t\t\t\t<\/div>\n\t\t\t\t\t\t\t\t\t\t\t\t\t\t\t\t\t<\/div>\n\t\t\t\t\t\t\t<\/div>\n\t\t\t\t\t\t<\/div>\n\t\t\t\t\t\t\t\t\t\t\t<div class=\" col-sm-12 col-md-6 col-lg-4\">\n\t\t\t\t\t\t\t<div class=\"box\">\n\t\t\t\t\t\t\t\t\t\t\t\t\t\t\t\t\t<div class=\"box--icon\">\n\t\t\t\t\t\t\t\t\t\t<img loading=\"lazy\" decoding=\"async\" width=\"512\" height=\"512\" src=\"https:\/\/inrel.pl\/wp-content\/uploads\/2026\/02\/stosujemy-specjalistyczny-sprzet.svg\" class=\"attachment-full size-full\" alt=\"Stosujemy specjalistyczny sprz\u0119t\" \/>\t\t\t\t\t\t\t\t\t<\/div>\n\t\t\t\t\t\t\t\t\t\t\t\t\t\t\t\t<div class=\"box--content\">\n\t\t\t\t\t\t\t\t\t\t\t\t\t\t\t\t\t\t<div class=\"box--title\">\n\t\t\t\t\t\t\t\t\t\tWir verwenden spezielle Ausr\u00fcstung\t\t\t\t\t\t\t\t\t<\/div>\n\t\t\t\t\t\t\t\t\t\t\t\t\t\t\t\t\t\t\t\t\t\t\t\t\t\t\t\t<div class=\"box--description\">\n\t\t\t\t\t\t\t\t\t\t\t<p>Wir w\u00e4hlen f\u00fcr alle Bestellungen angemessene, moderne und professionelle Ausr\u00fcstung aus. <strong>Wir verf\u00fcgen \u00fcber einen gro\u00dfen und vielseitigen Maschinen- und Ger\u00e4tepark<\/strong>, dank dem wir selbst die spezifischsten Auftr\u00e4ge unserer Branche \u00fcbernehmen k\u00f6nnen.<\/p>\n\t\t\t\t\t\t\t\t\t\t<\/div>\n\t\t\t\t\t\t\t\t\t\t\t\t\t\t\t\t\t<\/div>\n\t\t\t\t\t\t\t<\/div>\n\t\t\t\t\t\t<\/div>\n\t\t\t\t\t\t\t\t\t\t\t<div class=\" col-sm-12 col-md-6 col-lg-4\">\n\t\t\t\t\t\t\t<div class=\"box\">\n\t\t\t\t\t\t\t\t\t\t\t\t\t\t\t\t\t<div class=\"box--icon\">\n\t\t\t\t\t\t\t\t\t\t<img loading=\"lazy\" decoding=\"async\" width=\"512\" height=\"512\" src=\"https:\/\/inrel.pl\/wp-content\/uploads\/2026\/02\/nie-tylko-relokacja.svg\" class=\"attachment-full size-full\" alt=\"Nie tylko relokacja\" \/>\t\t\t\t\t\t\t\t\t<\/div>\n\t\t\t\t\t\t\t\t\t\t\t\t\t\t\t\t<div class=\"box--content\">\n\t\t\t\t\t\t\t\t\t\t\t\t\t\t\t\t\t\t<div class=\"box--title\">\n\t\t\t\t\t\t\t\t\t\tNicht nur Umzug\t\t\t\t\t\t\t\t\t<\/div>\n\t\t\t\t\t\t\t\t\t\t\t\t\t\t\t\t\t\t\t\t\t\t\t\t\t\t\t\t<div class=\"box--description\">\n\t\t\t\t\t\t\t\t\t\t\t<p>Neben dem Transport von Anlagen, Maschinen und Produktionslinien ziehen <strong>wir auch die Anbindung und Unterst\u00fctzung bei der Inbetriebnahme von Industriemaschinen<\/strong>, Technologielinien und Produktionsanlagen ab. Dar\u00fcber hinaus k\u00fcmmern wir uns um pr\u00e4ventive Wartung und technische Beratung.<\/p>\n\t\t\t\t\t\t\t\t\t\t<\/div>\n\t\t\t\t\t\t\t\t\t\t\t\t\t\t\t\t\t<\/div>\n\t\t\t\t\t\t\t<\/div>\n\t\t\t\t\t\t<\/div>\n\t\t\t\t\t\t\t\t\t\t\t<div class=\" col-sm-12 col-md-6 col-lg-4\">\n\t\t\t\t\t\t\t<div class=\"box\">\n\t\t\t\t\t\t\t\t\t\t\t\t\t\t\t\t\t<div class=\"box--icon\">\n\t\t\t\t\t\t\t\t\t\t<img loading=\"lazy\" decoding=\"async\" width=\"512\" height=\"512\" src=\"https:\/\/inrel.pl\/wp-content\/uploads\/2026\/02\/bezplatnie-wyceniamy-kazde-zlecenie.svg\" class=\"attachment-full size-full\" alt=\"Bezp\u0142atnie wyceniamy ka\u017cde zlecenie\" \/>\t\t\t\t\t\t\t\t\t<\/div>\n\t\t\t\t\t\t\t\t\t\t\t\t\t\t\t\t<div class=\"box--content\">\n\t\t\t\t\t\t\t\t\t\t\t\t\t\t\t\t\t\t<div class=\"box--title\">\n\t\t\t\t\t\t\t\t\t\tWir bieten jede Bestellung kostenlos ein Angebot \t\t\t\t\t\t\t\t\t<\/div>\n\t\t\t\t\t\t\t\t\t\t\t\t\t\t\t\t\t\t\t\t\t\t\t\t\t\t\t\t<div class=\"box--description\">\n\t\t\t\t\t\t\t\t\t\t\t<p>Da wir die spezifischen Branchen und die Bed\u00fcrfnisse unserer Kunden kennen, wissen wir, dass jede Bestellung unterschiedlich ist und individuelle Planung, Preisgestaltung und dann Umsetzung erfordert. Neben einer effizienten und zuverl\u00e4ssigen Durchf\u00fchrung des gesamten Prozesses garantieren wir <strong>attraktive Preise<\/strong>. Dank dessen schaffen wir es, dauerhafte Beziehungen aufzubauen und unsere Kunden systematisch \u00fcber viele Jahre hinweg zu unterst\u00fctzen.<\/p>\n\t\t\t\t\t\t\t\t\t\t<\/div>\n\t\t\t\t\t\t\t\t\t\t\t\t\t\t\t\t\t<\/div>\n\t\t\t\t\t\t\t<\/div>\n\t\t\t\t\t\t<\/div>\n\t\t\t\t\t\t\t\t\t<\/div>\n\t\t\t\n\t\t\t\t\t\t\t<div class=\"icon_boxes_btns\">\n\t\t\t\t\t\t\t\t\t\t\t\t\t\t\t\t\t\t<a title=\"Kontakt\" href=\"https:\/\/inrel.pl\/de\/kontakt\/\" class=\"btn btn-accent\" target=\"_self\">Kontakt<\/a>\n\t\t\t\t\t\t\t\t\t\t\t\t\t\t\t\t\t\t\t\t\t\t\t\t<a title=\"+48 728 349 954\" href=\"tel:+48728349954\" class=\"btn btn-bordered btn-tel\" target=\"_self\">+48 728 349 954<\/a>\n\t\t\t\t\t\t\t\t\t\t\t\t\t\t\t<\/div>\n\t\t\t\t\t<\/div>\n\n\t<style type=\"text\/css\">\n\n\t\t#icon_boxes-block_5ea43df84201f9fc1332fdd422371d1b {\n\t\t\tmargin-top: 0;\n\t\t\tmargin-bottom: var(--margin);\n\t\t\tbackground-color: var(--color5);\n\t\t\tpadding-top: var(--padding);\n\t\t\tpadding-bottom: var(--padding);\n\t\t}\n\n\t\t#icon_boxes-block_5ea43df84201f9fc1332fdd422371d1b .header-content--heading h2 {\n\t\t\twidth: 100%;\n\t\t\ttext-align: center;\n\t\t\tmargin: 0 auto 16px auto;\n\t\t}\n\n\t\t#icon_boxes-block_5ea43df84201f9fc1332fdd422371d1b .header-content--description {\n\t\t\tmargin: 0 auto 25px auto!important;\n\t\t\ttext-align: center;\n\t\t}\n\n\t\t#icon_boxes-block_5ea43df84201f9fc1332fdd422371d1b .boxes .col-md-6 {\n\t\t\tmargin-bottom: 25px;\n\t\t}\n\n\t\t#icon_boxes-block_5ea43df84201f9fc1332fdd422371d1b .boxes .box {\n\t\t\tdisplay: flex;\n\t\t\tflex-direction: column;\n\t\t\theight: 100%;\n\t\t\tbackground: #fff;\n\t\t\tborder-radius: var(--border-radius);\n\t\t\tpadding: 15px 15px 20px 15px;\n\t\t\tgap: 10px;\n\t\t}\n\n\t\t#icon_boxes-block_5ea43df84201f9fc1332fdd422371d1b .boxes .box .box--icon {\n\t\t\twidth: 60px;\n\t\t\theight: 60px;\n\t\t\tbackground-color: var(--color2);\n\t\t\tborder-radius: var(--border-radius);\n\t\t\tdisplay: flex;\n\t\t\tflex-shrink: 0;\n\t\t\talign-items: center;\n\t\t\tjustify-content: center;\n\t\t}\n\n\t\t#icon_boxes-block_5ea43df84201f9fc1332fdd422371d1b .boxes .box .box--content {\n\t\t\theight: 100%;\n\t\t\tdisplay: flex;\n\t\t\tflex-direction: column;\n\t\t\tgap: 10px;\n\t\t}\n\n\t\t#icon_boxes-block_5ea43df84201f9fc1332fdd422371d1b .boxes .box .box--icon img {\n\t\t\tdisplay: block;\n\t\t\twidth: 34px;\n\t\t\theight: 34px;\n\t\t}\n\n\t\t#icon_boxes-block_5ea43df84201f9fc1332fdd422371d1b .boxes .box .box--title {\n\t\t\tfont-size: 1.125rem;\n\t\t\tfont-weight: 500;\n\t\t\tline-height: 1.75rem;\n\t\t\tborder-bottom: 1px solid var(--color1);\n\t\t\tpadding-bottom: 5px;\n\t\t}\n\n\t\t#icon_boxes-block_5ea43df84201f9fc1332fdd422371d1b .boxes .box .box--description {\n\t\t\tfont-size: 1rem;\n\t\t\tline-height: 1.667em;\n\t\t}\n\n\t\t#icon_boxes-block_5ea43df84201f9fc1332fdd422371d1b .boxes .box .box--description p {\n\t\t\tmargin: 0;\n\t\t}\n\n\t\t#icon_boxes-block_5ea43df84201f9fc1332fdd422371d1b .icon_boxes_btns {\n\t\t\tdisplay: flex;\n\t\t\tflex-wrap: wrap;\n\t\t\tflex-direction: row;\n\t\t\tgap: 15px;\n\t\t\tjustify-content: center;\n\t\t\talign-items: center;\n\t\t}\n\n\t\t#icon_boxes-block_5ea43df84201f9fc1332fdd422371d1b .cta-link .btn {\n\t\t\twidth: fit-content;\n\t\t\tmargin: 30px auto 0 auto;\n\t\t}\n\n\t\t@media screen and (min-width: 1600px) {\n\t\t\t#icon_boxes-block_5ea43df84201f9fc1332fdd422371d1b .boxes {\n\t\t\t\tmargin-left: 30px;\n\t\t\t\tmargin-right: 30px;\n\t\t\t}\n\t\t}\n\n\t\t@media screen and (max-width: 990px) {\n\t\t\t#icon_boxes-block_5ea43df84201f9fc1332fdd422371d1b .header-content {\n\t\t\t\tpadding-bottom: 3a0px;\n\t\t\t}\n\n\t\t\t#icon_boxes-block_5ea43df84201f9fc1332fdd422371d1b .boxes .box {\n\t\t\t\tflex-direction: column;\n\t\t\t\talign-items: center;\n\t\t\t\ttext-align: center;\n\t\t\t}\n\t\t}\n\n\t<\/style>\n<\/div>\n\n\n\n<div id=\"cta-block_fb4b38e7219962b69cb0dbdfaf670e6b\" class=\"cta container-fluid\">\n\t<div class=\"container\">\n\t\t<div class=\"row\">\n\t\t\t<div class=\"col-lg-9\">\n\t\t\t\t\t\t\t\t\t<div class=\"row\">\n\t\t\t\t\t\t\t\t\t\t\t\t\t\t\t\t\t\t\t<div class=\"col-lg-12 cta-content\">\n\t\t\t\t\t\t\t\t<p>Planst du, Maschinen zu verlegen oder die Produktion neu zu organisieren? M\u00f6chten Sie sicherstellen, dass Ihre Ger\u00e4te nicht besch\u00e4digt werden und alles effizient und p\u00fcnktlich erledigt wird? Du bist hier genau richtig.<\/p>\n\t\t\t\t\t\t\t<\/div>\n\t\t\t\t\t\t\t\t\t\t\t<\/div>\n\t\t\t\t\t\t\t<\/div>\n\n\t\t\t\t\t\t\t<div class=\"cta-link col-lg-3\">\n\t\t\t\t\t<a class=\"btn btn-accent\" title=\"Kostenlose Beratung\" href=\"https:\/\/inrel.pl\/de\/kontakt\/\" target=\"_self\">\n\t\t\t\t\t\tKostenlose Beratung\t\t\t\t\t<\/a>\n\t\t\t\t<\/div>\n\t\t\t\t\t<\/div>\n\t<\/div>\n<\/div>\n\n<style type=\"text\/css\">\n\t#cta-block_fb4b38e7219962b69cb0dbdfaf670e6b {\n\t\tpadding-top: 60px;\n\t\tpadding-bottom: 60px;\n\t\tmargin-top: 0;\n\t\tmargin-bottom: var(--margin-big);\n\t\tbackground-color: var(--color4);\n\t\tcolor: #fff6f6;\n\t}\n\n\t#cta-block_fb4b38e7219962b69cb0dbdfaf670e6b .h2 {\n\t\tdisplay: block;\n\t\twidth: 100%;\n\t\tcolor: #fff6f6!important;\n\t\tmargin: 0 auto 30px auto!important;\n\t}\n\n\t#cta-block_fb4b38e7219962b69cb0dbdfaf670e6b .cta-content p {\n\t\tfont-size: 1.375rem!important;\n\t\tline-height: normal!important;\n\t\tfont-weight: 500;\n\t\tmargin-bottom: 0;\n\t\tmax-width: unset!important;\n\t}\n\n\t#cta-block_fb4b38e7219962b69cb0dbdfaf670e6b .cta-link {\n\t\tdisplay: flex;\n\t\tflex-direction: row;\n\t\tflex-wrap: nowrap;\n\t\tjustify-content: flex-start;\n\t\talign-items: center;\n\t}\n\n\n\t@media only screen and (min-width: 990px) {\n\t\t#cta-block_fb4b38e7219962b69cb0dbdfaf670e6b .cta-content p {\n\t\t\tmax-width: 680px!important;\n\t\t\tmargin-left: auto;\n\t\t\tmargin-right: auto;\n\t\t}\n\t}\n\n\t@media only screen and (max-width: 990px) {\n\t\t#cta-block_fb4b38e7219962b69cb0dbdfaf670e6b {\n\t\t\ttext-align: center;\n\t\t}\n\n\t\t#cta-block_fb4b38e7219962b69cb0dbdfaf670e6b .h2 {\n\t\t\tmargin-bottom: var(--margin)!important;\n\t\t\ttext-align: center!important;\n\t\t}\n\n\t\t#cta-block_fb4b38e7219962b69cb0dbdfaf670e6b .cta-link {\n\t\t\tmargin-top: var(--margin);\n\t\t\tjustify-content: center;\n\t\t}\n\t}\n\n<\/style>","protected":false},"excerpt":{"rendered":"<p>INREL \u2013 fortschrittliche L\u00f6sungen f\u00fcr die Industrie Mit vielen Jahren Spezialistenerfahrung und professioneller Ausr\u00fcstung sind wir ein bew\u00e4hrter und zuverl\u00e4ssiger Partner f\u00fcr Kunden in Bereichen wie: Verlegung und Installation von Maschinen Unterst\u00fctzung bei Organisation und Produktion Seetransport \u2013 Verpackung Wir bieten einen One-Stop-Service f\u00fcr Produktionsst\u00e4tten und Fabriken in Polen und im Ausland Wir setzen moderne L\u00f6sungen um, die darauf abzielen, die Betriebsqualit\u00e4t von Unternehmen im Industriesektor zu verbessern. Das Leistungsspektrum, das wir anbieten, umfasst: Wir \u00fcbernehmen au\u00dferdem die Vernetzung und Unterst\u00fctzung bei der Inbetriebnahme von Industriemaschinen, Technologielinien und Produktionsanlagen. Dar\u00fcber hinaus k\u00fcmmern wir uns um pr\u00e4ventive Wartung und technische Beratung. [&#8230;]<\/p>\n<p><a class=\"btn btn-secondary understrap-read-more-link\" href=\"https:\/\/inrel.pl\/de\/ueber-das-unternehmen\/\">Weiterlesen\u00a0\u2026<span class=\"screen-reader-text\"> from \u00dcber das Unternehmen<\/span><\/a><\/p>\n","protected":false},"author":4,"featured_media":0,"parent":0,"menu_order":0,"comment_status":"closed","ping_status":"closed","template":"page-templates\/fullwidthpage.php","meta":{"_acf_changed":false,"inline_featured_image":false,"footnotes":""},"class_list":["post-9546","page","type-page","status-publish","hentry"],"acf":[],"_links":{"self":[{"href":"https:\/\/inrel.pl\/de\/wp-json\/wp\/v2\/pages\/9546","targetHints":{"allow":["GET"]}}],"collection":[{"href":"https:\/\/inrel.pl\/de\/wp-json\/wp\/v2\/pages"}],"about":[{"href":"https:\/\/inrel.pl\/de\/wp-json\/wp\/v2\/types\/page"}],"author":[{"embeddable":true,"href":"https:\/\/inrel.pl\/de\/wp-json\/wp\/v2\/users\/4"}],"replies":[{"embeddable":true,"href":"https:\/\/inrel.pl\/de\/wp-json\/wp\/v2\/comments?post=9546"}],"version-history":[{"count":0,"href":"https:\/\/inrel.pl\/de\/wp-json\/wp\/v2\/pages\/9546\/revisions"}],"wp:attachment":[{"href":"https:\/\/inrel.pl\/de\/wp-json\/wp\/v2\/media?parent=9546"}],"curies":[{"name":"wp","href":"https:\/\/api.w.org\/{rel}","templated":true}]}}